{"id":455,"date":"2013-01-18T08:12:36","date_gmt":"2013-01-18T08:12:36","guid":{"rendered":"http:\/\/www.gib-immobilien.de\/blog\/"},"modified":"2013-01-21T11:24:42","modified_gmt":"2013-01-21T11:24:42","slug":"baumarkt","status":"publish","type":"page","link":"http:\/\/www.gib-immobilien.de\/blog\/baumarkt\/","title":{"rendered":"Baumarkt"},"content":{"rendered":"<p>Baumarkt &#8211; Hier erhalten Sie das n\u00f6tige Zubeh\u00f6r f\u00fcr Ihre zu erledigen Arbeiten. Von Maschinen bis Werkzeug, einfach alle was ein Hobbyhandwerker ben\u00f6tigt.<\/p>\n<p><a title=\"Welcher Akkuschrauber\" href=\"http:\/\/www.gib-immobilien.de\/blog\/welcher-akkuschrauber\/\">Hier geht es zum Akkuschrauber Testbericht<\/p>\n<p><\/a><\/p>\n<h2 style=\"text-align: center;\"><a href=\"https:\/\/www.amazon.de\/b?node=80084031&amp;tag=gib-immobilien-21&amp;camp=2898&amp;creative=16238&amp;linkCode=ur1&amp;adid=1326A4GY7WDM7XMVYZCH&amp;\" target=\"_blank\" rel=\"nofollow\">Zum Online Shop<\/a><\/h2>\n","protected":false},"excerpt":{"rendered":"<p>Baumarkt &#8211; Hier erhalten Sie das n\u00f6tige Zubeh\u00f6r f\u00fcr Ihre zu erledigen Arbeiten. Von Maschinen bis Werkzeug, einfach alle was ein Hobbyhandwerker ben\u00f6tigt. Hier geht es zum Akkuschrauber Testbericht Zum Online Shop<\/p>\n","protected":false},"author":1,"featured_media":0,"parent":0,"menu_order":2,"comment_status":"closed","ping_status":"closed","template":"","meta":[],"_links":{"self":[{"href":"http:\/\/www.gib-immobilien.de\/blog\/wp-json\/wp\/v2\/pages\/455"}],"collection":[{"href":"http:\/\/www.gib-immobilien.de\/blog\/wp-json\/wp\/v2\/pages"}],"about":[{"href":"http:\/\/www.gib-immobilien.de\/blog\/wp-json\/wp\/v2\/types\/page"}],"author":[{"embeddable":true,"href":"http:\/\/www.gib-immobilien.de\/blog\/wp-json\/wp\/v2\/users\/1"}],"replies":[{"embeddable":true,"href":"http:\/\/www.gib-immobilien.de\/blog\/wp-json\/wp\/v2\/comments?post=455"}],"version-history":[{"count":4,"href":"http:\/\/www.gib-immobilien.de\/blog\/wp-json\/wp\/v2\/pages\/455\/revisions"}],"predecessor-version":[{"id":474,"href":"http:\/\/www.gib-immobilien.de\/blog\/wp-json\/wp\/v2\/pages\/455\/revisions\/474"}],"wp:attachment":[{"href":"http:\/\/www.gib-immobilien.de\/blog\/wp-json\/wp\/v2\/media?parent=455"}],"curies":[{"name":"wp","href":"https:\/\/api.w.org\/{rel}","templated":true}]}}